{"id":935,"date":"2024-12-01T12:06:15","date_gmt":"2024-12-01T12:06:15","guid":{"rendered":"https:\/\/www.creanine.fr\/monsite\/?page_id=935"},"modified":"2024-12-01T12:06:17","modified_gmt":"2024-12-01T12:06:17","slug":"carte-dinvitation","status":"publish","type":"page","link":"https:\/\/www.creanine.fr\/monsite\/carte-dinvitation\/","title":{"rendered":"Carte d&rsquo;invitation"},"content":{"rendered":"\n<h3 class=\"wp-block-heading\">Cr\u00e9ation de cartes d&rsquo;invitation personnalis\u00e9es pour vos \u00e9v\u00e9nements<\/h3>\n\n\n\n<p>Vous souhaitez une carte d\u2019invitation unique pour marquer vos moments sp\u00e9ciaux ? Que ce soit pour un <strong>anniversaire<\/strong>, un <strong>mariage<\/strong>, un <strong>bapt\u00eame<\/strong> ou une <strong>naissance<\/strong>, je cr\u00e9e pour vous des invitations sur-mesure, enti\u00e8rement personnalis\u00e9es selon le th\u00e8me de votre choix.<\/p>\n\n\n\n<p>Chaque cr\u00e9ation est con\u00e7ue avec soin pour refl\u00e9ter votre style et l\u2019esprit de votre \u00e9v\u00e9nement, rendant vos invitations vraiment uniques et m\u00e9morables.<\/p>\n\n\n\n<h4 class=\"wp-block-heading\">Demandez votre devis<\/h4>\n\n\n\n<p>Pour discuter de votre projet et obtenir un devis personnalis\u00e9 :<br>\ud83d\udcde <strong>06 10 92 58 49<\/strong><br>\ud83d\udce7 <strong><a>creanine42@gmail.com<\/a><\/strong><\/p>\n\n\n\n<p>Ci-dessous un exemple de r\u00e9alisation d&rsquo;une carte \u00e0 l&rsquo;occasion de l&rsquo;anniversaire de mon fils :<\/p>\n\n\n\n<figure class=\"wp-block-gallery has-nested-images columns-default is-cropped wp-block-gallery-1 is-layout-flex wp-block-gallery-is-layout-flex\">\n<figure class=\"wp-block-image size-large\"><img loading=\"lazy\" decoding=\"async\" width=\"768\" height=\"1024\" data-id=\"936\" src=\"https:\/\/www.creanine.fr\/monsite\/wp-content\/uploads\/2024\/12\/1000007896-768x1024.jpg\" alt=\"\" class=\"wp-image-936\" srcset=\"https:\/\/www.creanine.fr\/monsite\/wp-content\/uploads\/2024\/12\/1000007896-768x1024.jpg 768w, https:\/\/www.creanine.fr\/monsite\/wp-content\/uploads\/2024\/12\/1000007896-225x300.jpg 225w, https:\/\/www.creanine.fr\/monsite\/wp-content\/uploads\/2024\/12\/1000007896-1152x1536.jpg 1152w, https:\/\/www.creanine.fr\/monsite\/wp-content\/uploads\/2024\/12\/1000007896-1536x2048.jpg 1536w, https:\/\/www.creanine.fr\/monsite\/wp-content\/uploads\/2024\/12\/1000007896-600x800.jpg 600w, https:\/\/www.creanine.fr\/monsite\/wp-content\/uploads\/2024\/12\/1000007896-scaled.jpg 1920w\" sizes=\"auto, (max-width: 768px) 100vw, 768px\" \/><figcaption class=\"wp-element-caption\"> exemple de r\u00e9alisation d&rsquo;une carte \u00e0 l&rsquo;occasion d&rsquo;un anniversaire <\/figcaption><\/figure>\n\n\n\n<figure class=\"wp-block-image size-large\"><img loading=\"lazy\" decoding=\"async\" width=\"1024\" height=\"768\" data-id=\"937\" src=\"https:\/\/www.creanine.fr\/monsite\/wp-content\/uploads\/2024\/12\/1000007898-1024x768.jpg\" alt=\"\" class=\"wp-image-937\" srcset=\"https:\/\/www.creanine.fr\/monsite\/wp-content\/uploads\/2024\/12\/1000007898-1024x768.jpg 1024w, https:\/\/www.creanine.fr\/monsite\/wp-content\/uploads\/2024\/12\/1000007898-300x225.jpg 300w, https:\/\/www.creanine.fr\/monsite\/wp-content\/uploads\/2024\/12\/1000007898-768x576.jpg 768w, https:\/\/www.creanine.fr\/monsite\/wp-content\/uploads\/2024\/12\/1000007898-1536x1152.jpg 1536w, https:\/\/www.creanine.fr\/monsite\/wp-content\/uploads\/2024\/12\/1000007898-2048x1536.jpg 2048w, https:\/\/www.creanine.fr\/monsite\/wp-content\/uploads\/2024\/12\/1000007898-600x450.jpg 600w\" sizes=\"auto, (max-width: 1024px) 100vw, 1024px\" \/><figcaption class=\"wp-element-caption\"> exemple de r\u00e9alisation d&rsquo;une carte \u00e0 l&rsquo;occasion d&rsquo;un anniversaire<\/figcaption><\/figure>\n<\/figure>\n","protected":false},"excerpt":{"rendered":"<p>Cr\u00e9ation de cartes d&rsquo;invitation personnalis\u00e9es pour vos \u00e9v\u00e9nements Vous souhaitez une carte d\u2019invitation unique pour marquer vos moments sp\u00e9ciaux ? Que ce soit pour un &hellip; <\/p>\n","protected":false},"author":1,"featured_media":0,"parent":0,"menu_order":0,"comment_status":"closed","ping_status":"closed","template":"","meta":{"footnotes":""},"class_list":["post-935","page","type-page","status-publish","hentry"],"_links":{"self":[{"href":"https:\/\/www.creanine.fr\/monsite\/wp-json\/wp\/v2\/pages\/935","targetHints":{"allow":["GET"]}}],"collection":[{"href":"https:\/\/www.creanine.fr\/monsite\/wp-json\/wp\/v2\/pages"}],"about":[{"href":"https:\/\/www.creanine.fr\/monsite\/wp-json\/wp\/v2\/types\/page"}],"author":[{"embeddable":true,"href":"https:\/\/www.creanine.fr\/monsite\/wp-json\/wp\/v2\/users\/1"}],"replies":[{"embeddable":true,"href":"https:\/\/www.creanine.fr\/monsite\/wp-json\/wp\/v2\/comments?post=935"}],"version-history":[{"count":1,"href":"https:\/\/www.creanine.fr\/monsite\/wp-json\/wp\/v2\/pages\/935\/revisions"}],"predecessor-version":[{"id":939,"href":"https:\/\/www.creanine.fr\/monsite\/wp-json\/wp\/v2\/pages\/935\/revisions\/939"}],"wp:attachment":[{"href":"https:\/\/www.creanine.fr\/monsite\/wp-json\/wp\/v2\/media?parent=935"}],"curies":[{"name":"wp","href":"https:\/\/api.w.org\/{rel}","templated":true}]}}